{"id":51,"date":"2025-01-23T19:10:34","date_gmt":"2025-01-23T18:10:34","guid":{"rendered":"https:\/\/joaquin.expiey.com\/?page_id=51"},"modified":"2025-03-07T15:11:10","modified_gmt":"2025-03-07T14:11:10","slug":"aviso-legal","status":"publish","type":"page","link":"https:\/\/joaquin.expiey.com\/en\/aviso-legal\/","title":{"rendered":"Legal Notice"},"content":{"rendered":"<p><main id=\"content\"><\/main><\/p>\n<p><strong>LEGAL NOTICE<\/strong><\/p>\n<p><strong>1. General Information<\/strong><\/p>\n<p>In compliance with the <strong>General regulation of Data Protection (GDPR) (EU) 2016\/679<\/strong> and the applicable regulations on services of the information society and electronic commerce, the following information is provided on the responsible company:<\/p>\n<ul>\n<li><strong>Company name:<\/strong> Joaquin Torrent Professional Paddle<\/li>\n<li><strong>CIF\/NIF:<\/strong> [Tax identification number]<\/li>\n<li><strong>Registered Office:<\/strong> [Complete address]<\/li>\n<li><strong>Contact email:<\/strong> [E-mail]<\/li>\n<li><strong>Contact phone:<\/strong> [Phone number]<\/li>\n<li><strong>Registration in the Commercial register:<\/strong> [Registration data if applicable]<\/li>\n<\/ul>\n<p><strong>2. Terms of Use<\/strong><\/p>\n<p>Access to and use of this website confers the condition of user and implies the acceptance of all the conditions included in this Legal Notice. The user undertakes to make appropriate use of the web site and not use it for illegal purposes or contrary to good faith and public order.<\/p>\n<p><strong>3. Protection of Personal Data<\/strong><\/p>\n<p>In accordance with the <strong>General regulation of Data Protection (GDPR)<\/strong> and other applicable regulations, users are informed that any personal data collected through the website will be treated according to what is established in the <strong>Privacy policy<\/strong>to guarantee the security and confidentiality of the same. Users may exercise their rights of access, rectification, deletion, limitation of treatment, portability and opposition by sending a request to the address or e-mail provided.<\/p>\n<p><strong>4. Intellectual and Industrial property<\/strong><\/p>\n<p>All the website contents (texts, images, logos, design, structure, etc) are protected by copyright, intellectual and industrial property rights and belong to the company or to third parties who have authorized their use. Reproduction, distribution, public communication or transformation of the contents without the express permission of the owner.<\/p>\n<p><strong>5. Responsibility<\/strong><\/p>\n<p>The company is not responsible for the misuse that users may make of the website nor for damages that may arise from the access or use of the same. Also, there is no guarantee the absence of errors in the contents or the permanent availability of the website.<\/p>\n<p><strong>6. Third-party links<\/strong><\/p>\n<p>The web site may contain links to third party websites, over which the company does not assume any responsibility for its content, privacy policies or practices.<\/p>\n<p><strong>7. Applicable legislation and Jurisdiction<\/strong><\/p>\n<p>This Legal Notice shall be governed by the laws of the <strong>European union, and the country where you are domiciled company<\/strong>. Any dispute arising out of interpretation or application shall be submitted to the courts of the relevant jurisdiction.<\/p>\n<hr \/>\n<p>Please complete the fields as indicated in [square brackets] to customize this Legal Notice.<\/p>","protected":false},"excerpt":{"rendered":"<p>AVISO LEGAL 1. Informaci\u00f3n General En cumplimiento con el Reglamento General de Protecci\u00f3n de Datos (GDPR) (UE) 2016\/679 y las normativas aplicables sobre servicios de la sociedad de la informaci\u00f3n y comercio electr\u00f3nico, se proporciona la siguiente informaci\u00f3n sobre la empresa responsable: Nombre de la empresa: Joaqu\u00edn Torrente P\u00e1del Profesional CIF\/NIF: [N\u00famero de identificaci\u00f3n fiscal] [&hellip;]<\/p>","protected":false},"author":2,"featured_media":0,"parent":0,"menu_order":0,"comment_status":"closed","ping_status":"closed","template":"","meta":{"footnotes":""},"class_list":["post-51","page","type-page","status-publish","hentry"],"_links":{"self":[{"href":"https:\/\/joaquin.expiey.com\/en\/wp-json\/wp\/v2\/pages\/51","targetHints":{"allow":["GET"]}}],"collection":[{"href":"https:\/\/joaquin.expiey.com\/en\/wp-json\/wp\/v2\/pages"}],"about":[{"href":"https:\/\/joaquin.expiey.com\/en\/wp-json\/wp\/v2\/types\/page"}],"author":[{"embeddable":true,"href":"https:\/\/joaquin.expiey.com\/en\/wp-json\/wp\/v2\/users\/2"}],"replies":[{"embeddable":true,"href":"https:\/\/joaquin.expiey.com\/en\/wp-json\/wp\/v2\/comments?post=51"}],"version-history":[{"count":10,"href":"https:\/\/joaquin.expiey.com\/en\/wp-json\/wp\/v2\/pages\/51\/revisions"}],"predecessor-version":[{"id":208,"href":"https:\/\/joaquin.expiey.com\/en\/wp-json\/wp\/v2\/pages\/51\/revisions\/208"}],"wp:attachment":[{"href":"https:\/\/joaquin.expiey.com\/en\/wp-json\/wp\/v2\/media?parent=51"}],"curies":[{"name":"wp","href":"https:\/\/api.w.org\/{rel}","templated":true}]}}